{"id":116,"date":"2018-10-20T14:49:00","date_gmt":"2018-10-20T14:49:00","guid":{"rendered":"https:\/\/phantopia.de\/?page_id=116"},"modified":"2025-12-01T15:33:53","modified_gmt":"2025-12-01T14:33:53","slug":"preise-konditionen","status":"publish","type":"page","link":"https:\/\/phantopia.de\/?page_id=116","title":{"rendered":"Preise &#038; Konditionen"},"content":{"rendered":"\n<p>Die \u00fcblichen Eintrittspreise zu unseren Lesungen belaufen sich auf:<\/p>\n\n\n\n<p><strong>Vorverkauf<\/strong> <strong>&amp;<\/strong> <strong>Abendkasse:<\/strong><br>\u00a0 \u00a0 \u00a0 \u00a0 \u00a0 \u00a0 \u00a0 \u00a0 \u00a0 \u00a0 \u00a0 \u00a0 Erm\u00e4\u00dfigt:    7\u20ac<br>\u00a0 \u00a0 \u00a0 \u00a0 \u00a0 \u00a0 \u00a0 \u00a0 \u00a0 \u00a0 \u00a0 \u00a0 Vollzahler: 10\u20ac<br><br><\/p>\n\n\n\n<p><strong>Erm\u00e4\u00dfigten Eintritt erhalten:<\/strong><br>&nbsp; &nbsp; &nbsp; Sch\u00fcler, Studierende, Auszubildende, Schwerbehinderte <br>&nbsp; &nbsp; &nbsp; und Inhaber eines Tafel-Ausweises<br>des Weiteren: <br>&nbsp; &nbsp; &nbsp; Einh\u00f6rner, Kobolde, Feen <br>&nbsp; &nbsp; &nbsp; und andere Bewohner phantastischer Welten<\/p>\n","protected":false},"excerpt":{"rendered":"<p>Die \u00fcblichen Eintrittspreise zu unseren Lesungen belaufen sich auf: Vorverkauf &amp; Abendkasse:\u00a0 \u00a0 \u00a0 \u00a0 \u00a0 \u00a0 \u00a0 \u00a0 \u00a0 \u00a0 \u00a0 \u00a0 Erm\u00e4\u00dfigt: 7\u20ac\u00a0 \u00a0 \u00a0 \u00a0 \u00a0 \u00a0 \u00a0 \u00a0 \u00a0 \u00a0 \u00a0 \u00a0 Vollzahler: 10\u20ac Erm\u00e4\u00dfigten Eintritt erhalten:&nbsp; &nbsp; &nbsp; Sch\u00fcler, Studierende, Auszubildende, Schwerbehinderte &nbsp; &nbsp; &nbsp; und Inhaber eines Tafel-Ausweisesdes Weiteren: &hellip; <\/p>\n<p class=\"link-more\"><a href=\"https:\/\/phantopia.de\/?page_id=116\" class=\"more-link\"><span class=\"screen-reader-text\">\u201ePreise &#038; Konditionen\u201c <\/span>weiterlesen<\/a><\/p>\n","protected":false},"author":2,"featured_media":0,"parent":0,"menu_order":0,"comment_status":"closed","ping_status":"closed","template":"","meta":{"ngg_post_thumbnail":0,"footnotes":""},"class_list":["post-116","page","type-page","status-publish","hentry"],"_links":{"self":[{"href":"https:\/\/phantopia.de\/index.php?rest_route=\/wp\/v2\/pages\/116","targetHints":{"allow":["GET"]}}],"collection":[{"href":"https:\/\/phantopia.de\/index.php?rest_route=\/wp\/v2\/pages"}],"about":[{"href":"https:\/\/phantopia.de\/index.php?rest_route=\/wp\/v2\/types\/page"}],"author":[{"embeddable":true,"href":"https:\/\/phantopia.de\/index.php?rest_route=\/wp\/v2\/users\/2"}],"replies":[{"embeddable":true,"href":"https:\/\/phantopia.de\/index.php?rest_route=%2Fwp%2Fv2%2Fcomments&post=116"}],"version-history":[{"count":13,"href":"https:\/\/phantopia.de\/index.php?rest_route=\/wp\/v2\/pages\/116\/revisions"}],"predecessor-version":[{"id":326,"href":"https:\/\/phantopia.de\/index.php?rest_route=\/wp\/v2\/pages\/116\/revisions\/326"}],"wp:attachment":[{"href":"https:\/\/phantopia.de\/index.php?rest_route=%2Fwp%2Fv2%2Fmedia&parent=116"}],"curies":[{"name":"wp","href":"https:\/\/api.w.org\/{rel}","templated":true}]}}