{"id":94,"date":"2018-10-18T22:23:54","date_gmt":"2018-10-18T22:23:54","guid":{"rendered":"https:\/\/phantopia.de\/?page_id=94"},"modified":"2018-10-20T14:44:32","modified_gmt":"2018-10-20T14:44:32","slug":"vorverkaufsstellen","status":"publish","type":"page","link":"https:\/\/phantopia.de\/?page_id=94","title":{"rendered":"Vorverkaufsstellen"},"content":{"rendered":"\n<u><h3>Ilmenauer B\u00fccherstube<\/h3><\/u>\n\n\n\n<p>Lindenstra\u00dfe 26<br>98693 Ilmenau<br><\/p>\n\n\n\n<p>\u00d6ffnungszeiten:<list><li>Mo-Fr: 9-13 Uhr und 14-18 Uhr<\/li><li>Sa:    9-12 Uhr<\/li><\/p>\n\n\n\n<p><\/p>\n\n\n\n<u><h3 class=\"wp-block-heading\">Ilmenau Information<\/h3><\/u>\n\n\n\n<p>Am Markt 1<br>98693 Ilmenau<br><a href=\"https:\/\/www.ilmenau.de\/2710-0-Ilmenau-Information.html\">Website<\/a><\/p>\n\n\n\n<p>\u00d6ffnungszeiten:<list><li>Di-Fr: 10-18 Uhr<\/li><li>Sa&#038;So: 10-17 Uhr<\/li><\/p>\n","protected":false},"excerpt":{"rendered":"<p>Ilmenauer B\u00fccherstube Lindenstra\u00dfe 2698693 Ilmenau \u00d6ffnungszeiten: Mo-Fr: 9-13 Uhr und 14-18 Uhr Sa: 9-12 Uhr Ilmenau Information Am Markt 198693 IlmenauWebsite \u00d6ffnungszeiten: Di-Fr: 10-18 Uhr Sa&#038;So: 10-17 Uhr<\/p>\n","protected":false},"author":2,"featured_media":0,"parent":0,"menu_order":0,"comment_status":"closed","ping_status":"closed","template":"","meta":{"ngg_post_thumbnail":0,"footnotes":""},"class_list":["post-94","page","type-page","status-publish","hentry"],"_links":{"self":[{"href":"https:\/\/phantopia.de\/index.php?rest_route=\/wp\/v2\/pages\/94","targetHints":{"allow":["GET"]}}],"collection":[{"href":"https:\/\/phantopia.de\/index.php?rest_route=\/wp\/v2\/pages"}],"about":[{"href":"https:\/\/phantopia.de\/index.php?rest_route=\/wp\/v2\/types\/page"}],"author":[{"embeddable":true,"href":"https:\/\/phantopia.de\/index.php?rest_route=\/wp\/v2\/users\/2"}],"replies":[{"embeddable":true,"href":"https:\/\/phantopia.de\/index.php?rest_route=%2Fwp%2Fv2%2Fcomments&post=94"}],"version-history":[{"count":4,"href":"https:\/\/phantopia.de\/index.php?rest_route=\/wp\/v2\/pages\/94\/revisions"}],"predecessor-version":[{"id":115,"href":"https:\/\/phantopia.de\/index.php?rest_route=\/wp\/v2\/pages\/94\/revisions\/115"}],"wp:attachment":[{"href":"https:\/\/phantopia.de\/index.php?rest_route=%2Fwp%2Fv2%2Fmedia&parent=94"}],"curies":[{"name":"wp","href":"https:\/\/api.w.org\/{rel}","templated":true}]}}